{"id":10223,"date":"2025-10-03T16:39:18","date_gmt":"2025-10-03T14:39:18","guid":{"rendered":"https:\/\/www.bestforming.de\/kalender\/"},"modified":"2026-02-02T12:36:48","modified_gmt":"2026-02-02T11:36:48","slug":"kalender","status":"publish","type":"page","link":"https:\/\/www.bestforming.de\/hi\/system\/heute\/tools-tracking\/kalender\/","title":{"rendered":"\u0938\u094d\u0935\u0938\u094d\u0925 \u091c\u0940\u0935\u0928 \u0915\u0947 \u0932\u093f\u090f \u0938\u0941\u091d\u093e\u0935"},"content":{"rendered":"<p>\u090f\u0915 \u0938\u094d\u0935\u0938\u094d\u0925 \u091c\u0940\u0935\u0928 \u091c\u0940\u0928\u093e bedeutet, K\u00f6rper und Geist gleicherma\u00dfen zu achten. Es gibt viele kleine Schritte, die Sie t\u00e4glich unternehmen k\u00f6nnen, um Ihre Gesundheit und Ihr Wohlbefinden zu verbessern. Hier sind einige wichtige Tipps, die Ihnen helfen, ein ausgeglichenes und gl\u00fcckliches Leben zu f\u00fchren:<\/p>\n<ul class=\"wp-block-list\">\n<li>Achten Sie auf eine ausgewogene Ern\u00e4hrung mit viel Obst und Gem\u00fcse.<\/li>\n<li>Trinken Sie ausreichend Wasser, um Ihren K\u00f6rper zu hydratisieren.<\/li>\n<li>Regelm\u00e4\u00dfige k\u00f6rperliche Aktivit\u00e4t f\u00f6rdert Herz, Muskeln und Gelenke.<\/li>\n<li>Gen\u00fcgend Schlaf ist entscheidend f\u00fcr Erholung und geistige Leistungsf\u00e4higkeit.<\/li>\n<li>Reduzieren Sie Stress durch Meditation, Yoga oder Entspannungstechniken.<\/li>\n<li>Vermeiden Sie \u00fcberm\u00e4\u00dfigen Konsum von Alkohol und Nikotin.<\/li>\n<li>Pflegen Sie soziale Kontakte und ein unterst\u00fctzendes Umfeld.<\/li>\n<\/ul>\n<p>Indem Sie diese Tipps in Ihren Alltag integrieren, schaffen Sie die Grundlage f\u00fcr ein gesundes, langes und gl\u00fcckliches Leben. Kleine Ver\u00e4nderungen f\u00fchren oft zu gro\u00dfen Verbesserungen Ihrer Lebensqualit\u00e4t.<\/p>\n<div class=\"gsp_post_data\" data-post_type=\"page\" data-cat=\"\" data-modified=\"120\" data-title=\"\u0938\u094d\u0935\u0938\u094d\u0925 \u091c\u0940\u0935\u0928 \u0915\u0947 \u0932\u093f\u090f \u0938\u0941\u091d\u093e\u0935\" data-home=\"https:\/\/www.bestforming.de\/hi\/\"><\/div>","protected":false},"excerpt":{"rendered":"<p>\u090f\u0915 \u0938\u094d\u0935\u0938\u094d\u0925 \u091c\u0940\u0935\u0928 \u091c\u0940\u0928\u093e bedeutet, K\u00f6rper und Geist gleicherma\u00dfen zu achten. Es gibt viele kleine Schritte, die Sie t\u00e4glich unternehmen k\u00f6nnen, um Ihre Gesundheit und Ihr Wohlbefinden zu verbessern. Hier sind einige wichtige Tipps, die Ihnen helfen, ein ausgeglichenes und gl\u00fcckliches Leben zu f\u00fchren: Achten Sie auf eine ausgewogene Ern\u00e4hrung mit viel Obst und Gem\u00fcse. [&hellip;]<\/p>\n","protected":false},"author":3,"featured_media":0,"parent":10240,"menu_order":0,"comment_status":"open","ping_status":"closed","template":"","meta":{"_acf_changed":false,"footnotes":""},"class_list":["post-10223","page","type-page","status-publish","hentry"],"acf":[],"yoast_head":"<!-- This site is optimized with the Yoast SEO plugin v24.1 - https:\/\/yoast.com\/wordpress\/plugins\/seo\/ -->\n<title>\u0938\u094d\u0935\u0938\u094d\u0925 \u091c\u0940\u0935\u0928 \u0915\u0947 \u0932\u093f\u090f \u0938\u0941\u091d\u093e\u0935 - bestforming<\/title>\n<meta name=\"description\" content=\"\u090f\u0915 \u0938\u094d\u0935\u0938\u094d\u0925 \u091c\u0940\u0935\u0928 \u091c\u0940\u0928\u093e bedeutet, K\u00f6rper und Geist gleicherma\u00dfen zu achten.\" \/>\n<meta name=\"robots\" content=\"index, follow, max-snippet:-1, max-image-preview:large, max-video-preview:-1\" \/>\n<link rel=\"canonical\" href=\"https:\/\/www.bestforming.de\/hi\/system\/heute\/tools-tracking\/kalender\/\" \/>\n<meta property=\"og:locale\" content=\"hi_IN\" \/>\n<meta property=\"og:type\" content=\"article\" \/>\n<meta property=\"og:title\" content=\"\u0938\u094d\u0935\u0938\u094d\u0925 \u091c\u0940\u0935\u0928 \u0915\u0947 \u0932\u093f\u090f \u0938\u0941\u091d\u093e\u0935 - bestforming\" \/>\n<meta property=\"og:description\" content=\"\u090f\u0915 \u0938\u094d\u0935\u0938\u094d\u0925 \u091c\u0940\u0935\u0928 \u091c\u0940\u0928\u093e bedeutet, K\u00f6rper und Geist gleicherma\u00dfen zu achten.\" \/>\n<meta property=\"og:url\" content=\"https:\/\/www.bestforming.de\/hi\/system\/heute\/tools-tracking\/kalender\/\" \/>\n<meta property=\"og:site_name\" content=\"bestforming\" \/>\n<meta property=\"article:modified_time\" content=\"2026-02-02T11:36:48+00:00\" \/>\n<meta name=\"twitter:card\" content=\"summary_large_image\" \/>\n<meta name=\"twitter:title\" content=\"\u0938\u094d\u0935\u0938\u094d\u0925 \u091c\u0940\u0935\u0928 \u0915\u0947 \u0932\u093f\u090f \u0938\u0941\u091d\u093e\u0935\" \/>\n<meta name=\"twitter:description\" content=\"\u090f\u0915 \u0938\u094d\u0935\u0938\u094d\u0925 \u091c\u0940\u0935\u0928 \u091c\u0940\u0928\u093e bedeutet, K\u00f6rper und Geist gleicherma\u00dfen zu achten.\" \/>\n<meta name=\"twitter:label1\" content=\"\u0905\u0928\u0941\u092e\u093e\u0928\u093f\u0924 \u092a\u0922\u093c\u0928\u0947 \u0915\u093e \u0938\u092e\u092f\" \/>\n\t<meta name=\"twitter:data1\" content=\"1 \u092e\u093f\u0928\u091f\" \/>\n<script type=\"application\/ld+json\" class=\"yoast-schema-graph\">{\"@context\":\"https:\/\/schema.org\",\"@graph\":[{\"@type\":\"WebPage\",\"@id\":\"https:\/\/www.bestforming.de\/hi\/system\/heute\/tools-tracking\/kalender\/\",\"url\":\"https:\/\/www.bestforming.de\/hi\/system\/heute\/tools-tracking\/kalender\/\",\"name\":\"\u0938\u094d\u0935\u0938\u094d\u0925 \u091c\u0940\u0935\u0928 \u0915\u0947 \u0932\u093f\u090f \u0938\u0941\u091d\u093e\u0935 - bestforming\",\"isPartOf\":{\"@id\":\"https:\/\/www.bestforming.de\/hi\/#website\"},\"datePublished\":\"2025-10-03T14:39:18+00:00\",\"dateModified\":\"2026-02-02T11:36:48+00:00\",\"description\":\"\u090f\u0915 \u0938\u094d\u0935\u0938\u094d\u0925 \u091c\u0940\u0935\u0928 \u091c\u0940\u0928\u093e bedeutet, K\u00f6rper und Geist gleicherma\u00dfen zu achten.\",\"breadcrumb\":{\"@id\":\"https:\/\/www.bestforming.de\/hi\/system\/heute\/tools-tracking\/kalender\/#breadcrumb\"},\"inLanguage\":\"hi-IN\",\"potentialAction\":[{\"@type\":\"ReadAction\",\"target\":[\"https:\/\/www.bestforming.de\/hi\/system\/heute\/tools-tracking\/kalender\/\"]}]},{\"@type\":\"BreadcrumbList\",\"@id\":\"https:\/\/www.bestforming.de\/hi\/system\/heute\/tools-tracking\/kalender\/#breadcrumb\",\"itemListElement\":[{\"@type\":\"ListItem\",\"position\":1,\"name\":\"\u092e\u0941\u0916\u092a\u0943\u0937\u094d\u0920\",\"item\":\"https:\/\/www.bestforming.de\/hi\/startseite\/\"},{\"@type\":\"ListItem\",\"position\":2,\"name\":\"\u0938\u093f\u0938\u094d\u091f\u092e\",\"item\":\"https:\/\/www.bestforming.de\/hi\/system\/\"},{\"@type\":\"ListItem\",\"position\":3,\"name\":\"\u0906\u091c!\",\"item\":\"https:\/\/www.bestforming.de\/hi\/system\/heute\/\"},{\"@type\":\"ListItem\",\"position\":4,\"name\":\"\u0909\u092a\u0915\u0930\u0923 \u0914\u0930 \u091f\u094d\u0930\u0948\u0915\u093f\u0902\u0917\",\"item\":\"https:\/\/www.bestforming.de\/hi\/system\/heute\/tools-tracking\/\"},{\"@type\":\"ListItem\",\"position\":5,\"name\":\"\u0938\u094d\u0935\u0938\u094d\u0925 \u091c\u0940\u0935\u0928 \u0915\u0947 \u0932\u093f\u090f \u0938\u0941\u091d\u093e\u0935\"}]},{\"@type\":\"WebSite\",\"@id\":\"https:\/\/www.bestforming.de\/hi\/#website\",\"url\":\"https:\/\/www.bestforming.de\/hi\/\",\"name\":\"bestforming\",\"description\":\"\",\"publisher\":{\"@id\":\"https:\/\/www.bestforming.de\/hi\/#organization\"},\"potentialAction\":[{\"@type\":\"SearchAction\",\"target\":{\"@type\":\"EntryPoint\",\"urlTemplate\":\"https:\/\/www.bestforming.de\/hi\/?s={search_term_string}\"},\"query-input\":{\"@type\":\"PropertyValueSpecification\",\"valueRequired\":true,\"valueName\":\"search_term_string\"}}],\"inLanguage\":\"hi-IN\"},{\"@type\":\"Organization\",\"@id\":\"https:\/\/www.bestforming.de\/hi\/#organization\",\"name\":\"bestforming\",\"url\":\"https:\/\/www.bestforming.de\/hi\/\",\"logo\":{\"@type\":\"ImageObject\",\"inLanguage\":\"hi-IN\",\"@id\":\"https:\/\/www.bestforming.de\/hi\/#\/schema\/logo\/image\/\",\"url\":\"https:\/\/www.bestforming.de\/wp-content\/uploads\/2024\/12\/web-logo.png\",\"contentUrl\":\"https:\/\/www.bestforming.de\/wp-content\/uploads\/2024\/12\/web-logo.png\",\"width\":278,\"height\":73,\"caption\":\"bestforming\"},\"image\":{\"@id\":\"https:\/\/www.bestforming.de\/hi\/#\/schema\/logo\/image\/\"}}]}<\/script>\n<!-- \/ Yoast SEO plugin. -->","yoast_head_json":{"title":"\u0938\u094d\u0935\u0938\u094d\u0925 \u091c\u0940\u0935\u0928 \u0915\u0947 \u0932\u093f\u090f \u0938\u0941\u091d\u093e\u0935 - bestforming","description":"\u090f\u0915 \u0938\u094d\u0935\u0938\u094d\u0925 \u091c\u0940\u0935\u0928 \u091c\u0940\u0928\u093e bedeutet, K\u00f6rper und Geist gleicherma\u00dfen zu achten.","robots":{"index":"index","follow":"follow","max-snippet":"max-snippet:-1","max-image-preview":"max-image-preview:large","max-video-preview":"max-video-preview:-1"},"canonical":"https:\/\/www.bestforming.de\/hi\/system\/heute\/tools-tracking\/kalender\/","og_locale":"hi_IN","og_type":"article","og_title":"\u0938\u094d\u0935\u0938\u094d\u0925 \u091c\u0940\u0935\u0928 \u0915\u0947 \u0932\u093f\u090f \u0938\u0941\u091d\u093e\u0935 - bestforming","og_description":"\u090f\u0915 \u0938\u094d\u0935\u0938\u094d\u0925 \u091c\u0940\u0935\u0928 \u091c\u0940\u0928\u093e bedeutet, K\u00f6rper und Geist gleicherma\u00dfen zu achten.","og_url":"https:\/\/www.bestforming.de\/hi\/system\/heute\/tools-tracking\/kalender\/","og_site_name":"bestforming","article_modified_time":"2026-02-02T11:36:48+00:00","twitter_card":"summary_large_image","twitter_title":"\u0938\u094d\u0935\u0938\u094d\u0925 \u091c\u0940\u0935\u0928 \u0915\u0947 \u0932\u093f\u090f \u0938\u0941\u091d\u093e\u0935","twitter_description":"\u090f\u0915 \u0938\u094d\u0935\u0938\u094d\u0925 \u091c\u0940\u0935\u0928 \u091c\u0940\u0928\u093e bedeutet, K\u00f6rper und Geist gleicherma\u00dfen zu achten.","twitter_misc":{"\u0905\u0928\u0941\u092e\u093e\u0928\u093f\u0924 \u092a\u0922\u093c\u0928\u0947 \u0915\u093e \u0938\u092e\u092f":"1 \u092e\u093f\u0928\u091f"},"schema":{"@context":"https:\/\/schema.org","@graph":[{"@type":"WebPage","@id":"https:\/\/www.bestforming.de\/hi\/system\/heute\/tools-tracking\/kalender\/","url":"https:\/\/www.bestforming.de\/hi\/system\/heute\/tools-tracking\/kalender\/","name":"\u0938\u094d\u0935\u0938\u094d\u0925 \u091c\u0940\u0935\u0928 \u0915\u0947 \u0932\u093f\u090f \u0938\u0941\u091d\u093e\u0935 - bestforming","isPartOf":{"@id":"https:\/\/www.bestforming.de\/hi\/#website"},"datePublished":"2025-10-03T14:39:18+00:00","dateModified":"2026-02-02T11:36:48+00:00","description":"\u090f\u0915 \u0938\u094d\u0935\u0938\u094d\u0925 \u091c\u0940\u0935\u0928 \u091c\u0940\u0928\u093e bedeutet, K\u00f6rper und Geist gleicherma\u00dfen zu achten.","breadcrumb":{"@id":"https:\/\/www.bestforming.de\/hi\/system\/heute\/tools-tracking\/kalender\/#breadcrumb"},"inLanguage":"hi-IN","potentialAction":[{"@type":"ReadAction","target":["https:\/\/www.bestforming.de\/hi\/system\/heute\/tools-tracking\/kalender\/"]}]},{"@type":"BreadcrumbList","@id":"https:\/\/www.bestforming.de\/hi\/system\/heute\/tools-tracking\/kalender\/#breadcrumb","itemListElement":[{"@type":"ListItem","position":1,"name":"\u092e\u0941\u0916\u092a\u0943\u0937\u094d\u0920","item":"https:\/\/www.bestforming.de\/hi\/startseite\/"},{"@type":"ListItem","position":2,"name":"\u0938\u093f\u0938\u094d\u091f\u092e","item":"https:\/\/www.bestforming.de\/hi\/system\/"},{"@type":"ListItem","position":3,"name":"\u0906\u091c!","item":"https:\/\/www.bestforming.de\/hi\/system\/heute\/"},{"@type":"ListItem","position":4,"name":"\u0909\u092a\u0915\u0930\u0923 \u0914\u0930 \u091f\u094d\u0930\u0948\u0915\u093f\u0902\u0917","item":"https:\/\/www.bestforming.de\/hi\/system\/heute\/tools-tracking\/"},{"@type":"ListItem","position":5,"name":"\u0938\u094d\u0935\u0938\u094d\u0925 \u091c\u0940\u0935\u0928 \u0915\u0947 \u0932\u093f\u090f \u0938\u0941\u091d\u093e\u0935"}]},{"@type":"WebSite","@id":"https:\/\/www.bestforming.de\/hi\/#website","url":"https:\/\/www.bestforming.de\/hi\/","name":"bestforming","description":"","publisher":{"@id":"https:\/\/www.bestforming.de\/hi\/#organization"},"potentialAction":[{"@type":"SearchAction","target":{"@type":"EntryPoint","urlTemplate":"https:\/\/www.bestforming.de\/hi\/?s={search_term_string}"},"query-input":{"@type":"PropertyValueSpecification","valueRequired":true,"valueName":"search_term_string"}}],"inLanguage":"hi-IN"},{"@type":"Organization","@id":"https:\/\/www.bestforming.de\/hi\/#organization","name":"bestforming","url":"https:\/\/www.bestforming.de\/hi\/","logo":{"@type":"ImageObject","inLanguage":"hi-IN","@id":"https:\/\/www.bestforming.de\/hi\/#\/schema\/logo\/image\/","url":"https:\/\/www.bestforming.de\/wp-content\/uploads\/2024\/12\/web-logo.png","contentUrl":"https:\/\/www.bestforming.de\/wp-content\/uploads\/2024\/12\/web-logo.png","width":278,"height":73,"caption":"bestforming"},"image":{"@id":"https:\/\/www.bestforming.de\/hi\/#\/schema\/logo\/image\/"}}]}},"_links":{"self":[{"href":"https:\/\/www.bestforming.de\/hi\/wp-json\/wp\/v2\/pages\/10223","targetHints":{"allow":["GET"]}}],"collection":[{"href":"https:\/\/www.bestforming.de\/hi\/wp-json\/wp\/v2\/pages"}],"about":[{"href":"https:\/\/www.bestforming.de\/hi\/wp-json\/wp\/v2\/types\/page"}],"author":[{"embeddable":true,"href":"https:\/\/www.bestforming.de\/hi\/wp-json\/wp\/v2\/users\/3"}],"replies":[{"embeddable":true,"href":"https:\/\/www.bestforming.de\/hi\/wp-json\/wp\/v2\/comments?post=10223"}],"version-history":[{"count":3,"href":"https:\/\/www.bestforming.de\/hi\/wp-json\/wp\/v2\/pages\/10223\/revisions"}],"predecessor-version":[{"id":15733,"href":"https:\/\/www.bestforming.de\/hi\/wp-json\/wp\/v2\/pages\/10223\/revisions\/15733"}],"up":[{"embeddable":true,"href":"https:\/\/www.bestforming.de\/hi\/wp-json\/wp\/v2\/pages\/10240"}],"wp:attachment":[{"href":"https:\/\/www.bestforming.de\/hi\/wp-json\/wp\/v2\/media?parent=10223"}],"curies":[{"name":"wp","href":"https:\/\/api.w.org\/{rel}","templated":true}]}}