{"id":10077,"date":"2025-06-30T07:51:00","date_gmt":"2025-06-30T05:51:00","guid":{"rendered":"https:\/\/www.bestforming.de\/startseite\/"},"modified":"2026-03-13T08:51:10","modified_gmt":"2026-03-13T07:51:10","slug":"startseite","status":"publish","type":"page","link":"https:\/\/www.bestforming.de\/hi\/","title":{"rendered":""},"content":{"rendered":"\t\t<div data-elementor-type=\"wp-page\" data-elementor-id=\"10077\" class=\"elementor elementor-10077 elementor-8152\" data-elementor-post-type=\"page\">\n\t\t\t\t<div class=\"elementor-element elementor-element-5931933 page-content e-con-full e-flex e-con e-parent\" data-id=\"5931933\" data-element_type=\"container\" data-settings=\"{&quot;background_background&quot;:&quot;classic&quot;,&quot;background_motion_fx_motion_fx_scrolling&quot;:&quot;yes&quot;,&quot;background_motion_fx_devices&quot;:[&quot;desktop&quot;,&quot;laptop&quot;,&quot;tablet&quot;,&quot;mobile&quot;]}\">\n\t\t<div class=\"elementor-element elementor-element-61633db e-con-full animated-fast e-flex elementor-invisible e-con e-child\" data-id=\"61633db\" data-element_type=\"container\" data-settings=\"{&quot;animation&quot;:&quot;fadeInLeft&quot;}\">\n\t\t\t\t<div class=\"elementor-element elementor-element-940278d elementor-widget elementor-widget-text-editor\" data-id=\"940278d\" data-element_type=\"widget\" data-widget_type=\"text-editor.default\">\n\t\t\t\t<div class=\"elementor-widget-container\">\n\t\t\t\t\t\t\t\t\t<h1>bestforming \u090f\u0915 \u0905\u091a\u094d\u091b\u0947 \u091c\u0940\u0935\u0928 \u0915\u0947 \u0932\u093f\u090f \u090f\u0915 Betriebssystem \u0939\u0948.<\/h1><p><strong>Offline 1st. Ai1st 2nd.<\/strong><br \/>\u092a\u0939\u0932\u0947 Realit\u00e4t: K\u00f6rper, Beziehung, Pr\u00e4senz \u2013 \u0928\u0940\u0902\u0935 \u0915\u0947 \u0930\u0942\u092a \u092e\u0947\u0902.<br \/>\u092b\u093f\u0930 KI: \u0938\u094d\u092a\u0937\u094d\u091f\u0924\u093e, Entscheidungen \u0914\u0930 Output \u0915\u0947 \u0932\u093f\u090f \u090f\u0915 Hebel \u0915\u0947 \u0930\u0942\u092a \u092e\u0947\u0902.<br \/>\u0914\u0930 Social Media \u0905\u092c \u0915\u0947\u0935\u0932 bewusst: Default \u0915\u0947 \u092c\u091c\u093e\u092f \u090f\u0915 Fenster \u0915\u0947 \u0930\u0942\u092a \u092e\u0947\u0902.<\/p><p>bestforming \u0909\u0928 Menschen \u0915\u0947 \u0932\u093f\u090f \u0939\u0948, \u091c\u094b \u092c\u0939\u0941\u0924 \u0915\u0941\u091b \u091a\u093e\u0939\u0924\u0947 \u0939\u0948\u0902 \u0914\u0930 \u092c\u0939\u0941\u0924 \u0915\u0941\u091b tragen \u2013 \u0914\u0930 \u091c\u094b sp\u00fcren,<br \/>\u0915\u093f \u201eSocial Media First\u201c \u0909\u0928\u0915\u0940 Aufmerksamkeit fragmentiert. \u0939\u092e Gegenmodell \u092c\u0928\u093e \u0930\u0939\u0947 \u0939\u0948\u0902:<br \/>\u090f\u0915 System, \u091c\u094b dich \u0915\u094b \u0905\u0927\u093f\u0915 stabiler \u092c\u0928\u093e\u0924\u093e \u0939\u0948 \u0914\u0930 \u0938\u093e\u0925 \u0939\u0940 wirksamer \u092d\u0940.<\/p><p><strong>Gr\u00fcndungsartefakt \u092a\u0922\u093c\u094b (Teaser #1):<\/strong><br \/><a href=\"https:\/\/www.bestforming.de\/blog\/offline-1st-ai1st-2nd-das-bestforming-betriebssystem-fuer-ein-gutes-leben\/\"><br \/>Offline 1st. Ai1st 2nd. \u2013 \u090f\u0915 \u0905\u091a\u094d\u091b\u0947 \u091c\u0940\u0935\u0928 \u0915\u0947 \u0932\u093f\u090f bestforming Betriebssystem<br \/><\/a><\/p><p><strong>bestforming \u092e\u0947\u0902 Ai1st \u0915\u093e \u092e\u0924\u0932\u092c \u0939\u0948:<\/strong> \u0939\u092e\u093e\u0930\u0940 kostenlosen App \u092e\u0947\u0902 pers\u00f6nliche KI.<br \/>Pers\u00f6nlich \u0915\u093e \u092e\u0924\u0932\u092c: von dir f\u00fcr dich \u2013 \u0915\u0947\u0935\u0932 \u0909\u0928 Daten \u0938\u0947 trainiert, \u091c\u094b du bewusst gibst.<\/p><p>\u0939\u092e deine Daten \u0915\u0947\u0935\u0932 eigenen Servern \u092a\u0930 Deutschland, \u00d6sterreich \u092f\u093e Schweiz \u092e\u0947\u0902 speichern \u0915\u0930\u0924\u0947 \u0939\u0948\u0902.<\/p><p>\u0915\u0941\u091b \u0939\u0940 Wochen \u092e\u0947\u0902 bestforming App iOS, Android \u0914\u0930 Web-App \u0915\u0947 \u0930\u0942\u092a \u092e\u0947\u0902 verf\u00fcgbar \u0939\u094b\u0917\u0940.<\/p>\t\t\t\t\t\t\t\t<\/div>\n\t\t\t\t<\/div>\n\t\t<div class=\"elementor-element elementor-element-44b3c85 e-con-full animated-fast e-flex elementor-invisible e-con e-child\" data-id=\"44b3c85\" data-element_type=\"container\" data-settings=\"{&quot;animation&quot;:&quot;fadeInLeft&quot;}\">\n\t\t\t\t<div class=\"elementor-element elementor-element-fa2cc5c elementor-tablet-align-left e-transform elementor-mobile-align-justify elementor-hidden-desktop elementor-hidden-laptop elementor-hidden-tablet elementor-hidden-mobile elementor-widget elementor-widget-button\" data-id=\"fa2cc5c\" data-element_type=\"widget\" data-settings=\"{&quot;_transform_translateX_effect&quot;:{&quot;unit&quot;:&quot;px&quot;,&quot;size&quot;:5,&quot;sizes&quot;:[]},&quot;_transform_translateX_effect_mobile&quot;:{&quot;unit&quot;:&quot;px&quot;,&quot;size&quot;:0,&quot;sizes&quot;:[]},&quot;_animation&quot;:&quot;none&quot;,&quot;_animation_delay&quot;:2000,&quot;_transform_translateX_effect_laptop&quot;:{&quot;unit&quot;:&quot;px&quot;,&quot;size&quot;:&quot;&quot;,&quot;sizes&quot;:[]},&quot;_transform_translateX_effect_tablet&quot;:{&quot;unit&quot;:&quot;px&quot;,&quot;size&quot;:&quot;&quot;,&quot;sizes&quot;:[]},&quot;_transform_translateY_effect&quot;:{&quot;unit&quot;:&quot;px&quot;,&quot;size&quot;:&quot;&quot;,&quot;sizes&quot;:[]},&quot;_transform_translateY_effect_laptop&quot;:{&quot;unit&quot;:&quot;px&quot;,&quot;size&quot;:&quot;&quot;,&quot;sizes&quot;:[]},&quot;_transform_translateY_effect_tablet&quot;:{&quot;unit&quot;:&quot;px&quot;,&quot;size&quot;:&quot;&quot;,&quot;sizes&quot;:[]},&quot;_transform_translateY_effect_mobile&quot;:{&quot;unit&quot;:&quot;px&quot;,&quot;size&quot;:&quot;&quot;,&quot;sizes&quot;:[]}}\" data-widget_type=\"button.default\">\n\t\t\t\t<div class=\"elementor-widget-container\">\n\t\t\t\t\t\t\t\t\t<div class=\"elementor-button-wrapper\">\n\t\t\t\t\t<a class=\"elementor-button elementor-button-link elementor-size-sm\" href=\"#\">\n\t\t\t\t\t\t<span class=\"elementor-button-content-wrapper\">\n\t\t\t\t\t\t<span class=\"elementor-button-icon\">\n\t\t\t\t<svg aria-hidden=\"true\" class=\"e-font-icon-svg e-fas-arrow-right\" viewBox=\"0 0 448 512\" xmlns=\"http:\/\/www.w3.org\/2000\/svg\"><path d=\"M190.5 66.9l22.2-22.2c9.4-9.4 24.6-9.4 33.9 0L441 239c9.4 9.4 9.4 24.6 0 33.9L246.6 467.3c-9.4 9.4-24.6 9.4-33.9 0l-22.2-22.2c-9.5-9.5-9.3-25 .4-34.3L311.4 296H24c-13.3 0-24-10.7-24-24v-32c0-13.3 10.7-24 24-24h287.4L190.9 101.2c-9.8-9.3-10-24.8-.4-34.3z\"><\/path><\/svg>\t\t\t<\/span>\n\t\t\t\t\t\t\t\t\t<span class=\"elementor-button-text\">\u092f\u0939\u0940\u0902 \u0938\u0947 \u0936\u0941\u0930\u0942 \u0915\u0930\u0947\u0902<\/span>\n\t\t\t\t\t<\/span>\n\t\t\t\t\t<\/a>\n\t\t\t\t<\/div>\n\t\t\t\t\t\t\t\t<\/div>\n\t\t\t\t<\/div>\n\t\t\t\t<\/div>\n\t\t\t\t<\/div>\n\t\t\t\t<\/div>\n\t\t\t\t<\/div>\n\t\t<div class=\"gsp_post_data\" data-post_type=\"page\" data-cat=\"\" data-modified=\"120\" data-title=\"\" data-home=\"https:\/\/www.bestforming.de\/hi\/\"><\/div>","protected":false},"excerpt":{"rendered":"<p>bestforming ist ein einfaches, langsames Leben, in dem Du schnell Deine Ziele erreichst.<\/p>\n","protected":false},"author":3,"featured_media":0,"parent":0,"menu_order":0,"comment_status":"closed","ping_status":"closed","template":"","meta":{"_acf_changed":false,"footnotes":""},"class_list":["post-10077","page","type-page","status-publish","hentry"],"acf":[],"yoast_head":"<!-- This site is optimized with the Yoast SEO plugin v24.1 - https:\/\/yoast.com\/wordpress\/plugins\/seo\/ -->\n<title>- bestforming<\/title>\n<meta name=\"description\" content=\"bestforming ist ein Betriebssystem f\u00fcr ein gutes Leben.Offline 1st.\" \/>\n<meta name=\"robots\" content=\"index, follow, max-snippet:-1, max-image-preview:large, max-video-preview:-1\" \/>\n<link rel=\"canonical\" href=\"https:\/\/www.bestforming.de\/hi\/\" \/>\n<meta property=\"og:locale\" content=\"hi_IN\" \/>\n<meta property=\"og:type\" content=\"article\" \/>\n<meta property=\"og:title\" content=\"- bestforming\" \/>\n<meta property=\"og:description\" content=\"bestforming ist ein Betriebssystem f\u00fcr ein gutes Leben.Offline 1st.\" \/>\n<meta property=\"og:url\" content=\"https:\/\/www.bestforming.de\/hi\/\" \/>\n<meta property=\"og:site_name\" content=\"bestforming\" \/>\n<meta property=\"article:modified_time\" content=\"2026-03-13T07:51:10+00:00\" \/>\n<meta name=\"twitter:card\" content=\"summary_large_image\" \/>\n<meta name=\"twitter:description\" content=\"bestforming ist ein Betriebssystem f\u00fcr ein gutes Leben.Offline 1st.\" \/>\n<meta name=\"twitter:label1\" content=\"\u0905\u0928\u0941\u092e\u093e\u0928\u093f\u0924 \u092a\u0922\u093c\u0928\u0947 \u0915\u093e \u0938\u092e\u092f\" \/>\n\t<meta name=\"twitter:data1\" content=\"1 \u092e\u093f\u0928\u091f\" \/>\n<script type=\"application\/ld+json\" class=\"yoast-schema-graph\">{\"@context\":\"https:\/\/schema.org\",\"@graph\":[{\"@type\":\"WebPage\",\"@id\":\"https:\/\/www.bestforming.de\/hi\/\",\"url\":\"https:\/\/www.bestforming.de\/hi\/\",\"name\":\"- bestforming\",\"isPartOf\":{\"@id\":\"https:\/\/www.bestforming.de\/hi\/#website\"},\"datePublished\":\"2025-06-30T05:51:00+00:00\",\"dateModified\":\"2026-03-13T07:51:10+00:00\",\"description\":\"bestforming ist ein Betriebssystem f\u00fcr ein gutes Leben.Offline 1st.\",\"inLanguage\":\"hi-IN\",\"potentialAction\":[{\"@type\":\"ReadAction\",\"target\":[\"https:\/\/www.bestforming.de\/hi\/\"]}]},{\"@type\":\"WebSite\",\"@id\":\"https:\/\/www.bestforming.de\/hi\/#website\",\"url\":\"https:\/\/www.bestforming.de\/hi\/\",\"name\":\"bestforming\",\"description\":\"\",\"publisher\":{\"@id\":\"https:\/\/www.bestforming.de\/hi\/#organization\"},\"potentialAction\":[{\"@type\":\"SearchAction\",\"target\":{\"@type\":\"EntryPoint\",\"urlTemplate\":\"https:\/\/www.bestforming.de\/hi\/?s={search_term_string}\"},\"query-input\":{\"@type\":\"PropertyValueSpecification\",\"valueRequired\":true,\"valueName\":\"search_term_string\"}}],\"inLanguage\":\"hi-IN\"},{\"@type\":\"Organization\",\"@id\":\"https:\/\/www.bestforming.de\/hi\/#organization\",\"name\":\"bestforming\",\"url\":\"https:\/\/www.bestforming.de\/hi\/\",\"logo\":{\"@type\":\"ImageObject\",\"inLanguage\":\"hi-IN\",\"@id\":\"https:\/\/www.bestforming.de\/hi\/#\/schema\/logo\/image\/\",\"url\":\"https:\/\/www.bestforming.de\/wp-content\/uploads\/2024\/12\/web-logo.png\",\"contentUrl\":\"https:\/\/www.bestforming.de\/wp-content\/uploads\/2024\/12\/web-logo.png\",\"width\":278,\"height\":73,\"caption\":\"bestforming\"},\"image\":{\"@id\":\"https:\/\/www.bestforming.de\/hi\/#\/schema\/logo\/image\/\"}}]}<\/script>\n<!-- \/ Yoast SEO plugin. -->","yoast_head_json":{"title":"- bestforming","description":"bestforming ist ein Betriebssystem f\u00fcr ein gutes Leben.Offline 1st.","robots":{"index":"index","follow":"follow","max-snippet":"max-snippet:-1","max-image-preview":"max-image-preview:large","max-video-preview":"max-video-preview:-1"},"canonical":"https:\/\/www.bestforming.de\/hi\/","og_locale":"hi_IN","og_type":"article","og_title":"- bestforming","og_description":"bestforming ist ein Betriebssystem f\u00fcr ein gutes Leben.Offline 1st.","og_url":"https:\/\/www.bestforming.de\/hi\/","og_site_name":"bestforming","article_modified_time":"2026-03-13T07:51:10+00:00","twitter_card":"summary_large_image","twitter_description":"bestforming ist ein Betriebssystem f\u00fcr ein gutes Leben.Offline 1st.","twitter_misc":{"\u0905\u0928\u0941\u092e\u093e\u0928\u093f\u0924 \u092a\u0922\u093c\u0928\u0947 \u0915\u093e \u0938\u092e\u092f":"1 \u092e\u093f\u0928\u091f"},"schema":{"@context":"https:\/\/schema.org","@graph":[{"@type":"WebPage","@id":"https:\/\/www.bestforming.de\/hi\/","url":"https:\/\/www.bestforming.de\/hi\/","name":"- bestforming","isPartOf":{"@id":"https:\/\/www.bestforming.de\/hi\/#website"},"datePublished":"2025-06-30T05:51:00+00:00","dateModified":"2026-03-13T07:51:10+00:00","description":"bestforming ist ein Betriebssystem f\u00fcr ein gutes Leben.Offline 1st.","inLanguage":"hi-IN","potentialAction":[{"@type":"ReadAction","target":["https:\/\/www.bestforming.de\/hi\/"]}]},{"@type":"WebSite","@id":"https:\/\/www.bestforming.de\/hi\/#website","url":"https:\/\/www.bestforming.de\/hi\/","name":"bestforming","description":"","publisher":{"@id":"https:\/\/www.bestforming.de\/hi\/#organization"},"potentialAction":[{"@type":"SearchAction","target":{"@type":"EntryPoint","urlTemplate":"https:\/\/www.bestforming.de\/hi\/?s={search_term_string}"},"query-input":{"@type":"PropertyValueSpecification","valueRequired":true,"valueName":"search_term_string"}}],"inLanguage":"hi-IN"},{"@type":"Organization","@id":"https:\/\/www.bestforming.de\/hi\/#organization","name":"bestforming","url":"https:\/\/www.bestforming.de\/hi\/","logo":{"@type":"ImageObject","inLanguage":"hi-IN","@id":"https:\/\/www.bestforming.de\/hi\/#\/schema\/logo\/image\/","url":"https:\/\/www.bestforming.de\/wp-content\/uploads\/2024\/12\/web-logo.png","contentUrl":"https:\/\/www.bestforming.de\/wp-content\/uploads\/2024\/12\/web-logo.png","width":278,"height":73,"caption":"bestforming"},"image":{"@id":"https:\/\/www.bestforming.de\/hi\/#\/schema\/logo\/image\/"}}]}},"_links":{"self":[{"href":"https:\/\/www.bestforming.de\/hi\/wp-json\/wp\/v2\/pages\/10077","targetHints":{"allow":["GET"]}}],"collection":[{"href":"https:\/\/www.bestforming.de\/hi\/wp-json\/wp\/v2\/pages"}],"about":[{"href":"https:\/\/www.bestforming.de\/hi\/wp-json\/wp\/v2\/types\/page"}],"author":[{"embeddable":true,"href":"https:\/\/www.bestforming.de\/hi\/wp-json\/wp\/v2\/users\/3"}],"replies":[{"embeddable":true,"href":"https:\/\/www.bestforming.de\/hi\/wp-json\/wp\/v2\/comments?post=10077"}],"version-history":[{"count":17,"href":"https:\/\/www.bestforming.de\/hi\/wp-json\/wp\/v2\/pages\/10077\/revisions"}],"predecessor-version":[{"id":16449,"href":"https:\/\/www.bestforming.de\/hi\/wp-json\/wp\/v2\/pages\/10077\/revisions\/16449"}],"wp:attachment":[{"href":"https:\/\/www.bestforming.de\/hi\/wp-json\/wp\/v2\/media?parent=10077"}],"curies":[{"name":"wp","href":"https:\/\/api.w.org\/{rel}","templated":true}]}}