{"id":10290,"date":"2025-10-03T15:42:22","date_gmt":"2025-10-03T13:42:22","guid":{"rendered":"https:\/\/www.bestforming.de\/risikominimierung\/"},"modified":"2026-01-30T07:18:47","modified_gmt":"2026-01-30T06:18:47","slug":"risikominimierung","status":"publish","type":"page","link":"https:\/\/www.bestforming.de\/gu\/system\/langlebigkeit\/praevention\/risikominimierung\/","title":{"rendered":"Tipps f\u00fcr ein gesundes Leben"},"content":{"rendered":"<p>Ein gesundes Leben zu f\u00fchren bedeutet, K\u00f6rper und Geist gleicherma\u00dfen zu beachten. Um Ihre Gesundheit und Ihr Wohlbefinden zu verbessern, k\u00f6nnen Sie jeden Tag viele kleine Schritte unternehmen. Hier sind einige wichtige Tipps, die Ihnen helfen, ein ausgeglichenes und gl\u00fcckliches Leben zu f\u00fchren:<\/p>\n<ul class=\"wp-block-list\">\n<li>Nehmen Sie eine ausgewogene Ern\u00e4hrung mit viel Obst und Gem\u00fcse zu sich.<\/li>\n<li>Trinken Sie ausreichend Wasser, um Ihren K\u00f6rper hydriert zu halten.<\/li>\n<li>Regelm\u00e4\u00dfige k\u00f6rperliche Aktivit\u00e4t ist vorteilhaft f\u00fcr Herz, Muskeln und Gelenke.<\/li>\n<li>Ausreichender Schlaf ist wichtig f\u00fcr Erholung und geistige Leistungsf\u00e4higkeit.<\/li>\n<li>Reduzieren Sie Stress durch Meditation, Yoga oder Entspannungstechniken.<\/li>\n<li>Vermeiden Sie \u00fcberm\u00e4\u00dfigen Konsum von Alkohol und Nikotin.<\/li>\n<li>Pflegen Sie soziale Beziehungen und schaffen Sie ein unterst\u00fctzendes Umfeld.<\/li>\n<\/ul>\n<p>Indem Sie diese Tipps in Ihren Alltag integrieren, schaffen Sie eine starke Grundlage f\u00fcr ein gesundes, langes und gl\u00fcckliches Leben. Kleine Ver\u00e4nderungen bringen oft gro\u00dfe Verbesserungen in Ihrer Lebensqualit\u00e4t.<\/p>\n<div class=\"gsp_post_data\" data-post_type=\"page\" data-cat=\"\" data-modified=\"120\" data-title=\"Tipps f\u00fcr ein gesundes Leben\" data-home=\"https:\/\/www.bestforming.de\/gu\/\"><\/div>","protected":false},"excerpt":{"rendered":"<p>Ein gesundes Leben zu f\u00fchren bedeutet, K\u00f6rper und Geist gleicherma\u00dfen zu beachten. Um Ihre Gesundheit und Ihr Wohlbefinden zu verbessern, k\u00f6nnen Sie jeden Tag viele kleine Schritte unternehmen. Hier sind einige wichtige Tipps, die Ihnen helfen, ein ausgeglichenes und gl\u00fcckliches Leben zu f\u00fchren: Nehmen Sie eine ausgewogene Ern\u00e4hrung mit viel Obst und Gem\u00fcse zu sich. [&hellip;]<\/p>\n","protected":false},"author":3,"featured_media":0,"parent":10353,"menu_order":0,"comment_status":"open","ping_status":"closed","template":"","meta":{"_acf_changed":false,"footnotes":""},"class_list":["post-10290","page","type-page","status-publish","hentry"],"acf":[],"yoast_head":"<!-- This site is optimized with the Yoast SEO plugin v24.1 - https:\/\/yoast.com\/wordpress\/plugins\/seo\/ -->\n<title>Tipps f\u00fcr ein gesundes Leben - bestforming<\/title>\n<meta name=\"robots\" content=\"index, follow, max-snippet:-1, max-image-preview:large, max-video-preview:-1\" \/>\n<link rel=\"canonical\" href=\"https:\/\/www.bestforming.de\/gu\/system\/langlebigkeit\/praevention\/risikominimierung\/\" \/>\n<meta property=\"og:locale\" content=\"gu_IN\" \/>\n<meta property=\"og:type\" content=\"article\" \/>\n<meta property=\"og:title\" content=\"Tipps f\u00fcr ein gesundes Leben - bestforming\" \/>\n<meta property=\"og:description\" content=\"Ein gesundes Leben zu f\u00fchren bedeutet, K\u00f6rper und Geist gleicherma\u00dfen zu beachten. Um Ihre Gesundheit und Ihr Wohlbefinden zu verbessern, k\u00f6nnen Sie jeden Tag viele kleine Schritte unternehmen. Hier sind einige wichtige Tipps, die Ihnen helfen, ein ausgeglichenes und gl\u00fcckliches Leben zu f\u00fchren: Nehmen Sie eine ausgewogene Ern\u00e4hrung mit viel Obst und Gem\u00fcse zu sich. [&hellip;]\" \/>\n<meta property=\"og:url\" content=\"https:\/\/www.bestforming.de\/gu\/system\/langlebigkeit\/praevention\/risikominimierung\/\" \/>\n<meta property=\"og:site_name\" content=\"bestforming\" \/>\n<meta property=\"article:modified_time\" content=\"2026-01-30T06:18:47+00:00\" \/>\n<meta name=\"twitter:card\" content=\"summary_large_image\" \/>\n<meta name=\"twitter:label1\" content=\"Est. reading time\" \/>\n\t<meta name=\"twitter:data1\" content=\"1 minute\" \/>\n<script type=\"application\/ld+json\" class=\"yoast-schema-graph\">{\"@context\":\"https:\/\/schema.org\",\"@graph\":[{\"@type\":\"WebPage\",\"@id\":\"https:\/\/www.bestforming.de\/gu\/system\/langlebigkeit\/praevention\/risikominimierung\/\",\"url\":\"https:\/\/www.bestforming.de\/gu\/system\/langlebigkeit\/praevention\/risikominimierung\/\",\"name\":\"Tipps f\u00fcr ein gesundes Leben - bestforming\",\"isPartOf\":{\"@id\":\"https:\/\/www.bestforming.de\/gu\/#website\"},\"datePublished\":\"2025-10-03T13:42:22+00:00\",\"dateModified\":\"2026-01-30T06:18:47+00:00\",\"breadcrumb\":{\"@id\":\"https:\/\/www.bestforming.de\/gu\/system\/langlebigkeit\/praevention\/risikominimierung\/#breadcrumb\"},\"inLanguage\":\"gu-IN\",\"potentialAction\":[{\"@type\":\"ReadAction\",\"target\":[\"https:\/\/www.bestforming.de\/gu\/system\/langlebigkeit\/praevention\/risikominimierung\/\"]}]},{\"@type\":\"BreadcrumbList\",\"@id\":\"https:\/\/www.bestforming.de\/gu\/system\/langlebigkeit\/praevention\/risikominimierung\/#breadcrumb\",\"itemListElement\":[{\"@type\":\"ListItem\",\"position\":1,\"name\":\"\u0ab9\u0acb\u0aae\u0aaa\u0ac7\u0a9c\",\"item\":\"https:\/\/www.bestforming.de\/gu\/startseite\/\"},{\"@type\":\"ListItem\",\"position\":2,\"name\":\"\u0ab8\u0abf\u0ab8\u0acd\u0a9f\u0aae\",\"item\":\"https:\/\/www.bestforming.de\/gu\/system\/\"},{\"@type\":\"ListItem\",\"position\":3,\"name\":\"\u0aa6\u0ac0\u0ab0\u0acd\u0a98\u0abe\u0aaf\u0ac1\",\"item\":\"https:\/\/www.bestforming.de\/gu\/system\/langlebigkeit\/\"},{\"@type\":\"ListItem\",\"position\":4,\"name\":\"\u0aaa\u0acd\u0ab0\u0aa4\u0abf\u0ab0\u0acb\u0aa7\",\"item\":\"https:\/\/www.bestforming.de\/gu\/system\/langlebigkeit\/praevention\/\"},{\"@type\":\"ListItem\",\"position\":5,\"name\":\"Tipps f\u00fcr ein gesundes Leben\"}]},{\"@type\":\"WebSite\",\"@id\":\"https:\/\/www.bestforming.de\/gu\/#website\",\"url\":\"https:\/\/www.bestforming.de\/gu\/\",\"name\":\"bestforming\",\"description\":\"\",\"publisher\":{\"@id\":\"https:\/\/www.bestforming.de\/gu\/#organization\"},\"potentialAction\":[{\"@type\":\"SearchAction\",\"target\":{\"@type\":\"EntryPoint\",\"urlTemplate\":\"https:\/\/www.bestforming.de\/gu\/?s={search_term_string}\"},\"query-input\":{\"@type\":\"PropertyValueSpecification\",\"valueRequired\":true,\"valueName\":\"search_term_string\"}}],\"inLanguage\":\"gu-IN\"},{\"@type\":\"Organization\",\"@id\":\"https:\/\/www.bestforming.de\/gu\/#organization\",\"name\":\"bestforming\",\"url\":\"https:\/\/www.bestforming.de\/gu\/\",\"logo\":{\"@type\":\"ImageObject\",\"inLanguage\":\"gu-IN\",\"@id\":\"https:\/\/www.bestforming.de\/gu\/#\/schema\/logo\/image\/\",\"url\":\"https:\/\/www.bestforming.de\/wp-content\/uploads\/2024\/12\/web-logo.png\",\"contentUrl\":\"https:\/\/www.bestforming.de\/wp-content\/uploads\/2024\/12\/web-logo.png\",\"width\":278,\"height\":73,\"caption\":\"bestforming\"},\"image\":{\"@id\":\"https:\/\/www.bestforming.de\/gu\/#\/schema\/logo\/image\/\"}}]}<\/script>\n<!-- \/ Yoast SEO plugin. -->","yoast_head_json":{"title":"Tipps f\u00fcr ein gesundes Leben - bestforming","robots":{"index":"index","follow":"follow","max-snippet":"max-snippet:-1","max-image-preview":"max-image-preview:large","max-video-preview":"max-video-preview:-1"},"canonical":"https:\/\/www.bestforming.de\/gu\/system\/langlebigkeit\/praevention\/risikominimierung\/","og_locale":"gu_IN","og_type":"article","og_title":"Tipps f\u00fcr ein gesundes Leben - bestforming","og_description":"Ein gesundes Leben zu f\u00fchren bedeutet, K\u00f6rper und Geist gleicherma\u00dfen zu beachten. Um Ihre Gesundheit und Ihr Wohlbefinden zu verbessern, k\u00f6nnen Sie jeden Tag viele kleine Schritte unternehmen. Hier sind einige wichtige Tipps, die Ihnen helfen, ein ausgeglichenes und gl\u00fcckliches Leben zu f\u00fchren: Nehmen Sie eine ausgewogene Ern\u00e4hrung mit viel Obst und Gem\u00fcse zu sich. [&hellip;]","og_url":"https:\/\/www.bestforming.de\/gu\/system\/langlebigkeit\/praevention\/risikominimierung\/","og_site_name":"bestforming","article_modified_time":"2026-01-30T06:18:47+00:00","twitter_card":"summary_large_image","twitter_misc":{"Est. reading time":"1 minute"},"schema":{"@context":"https:\/\/schema.org","@graph":[{"@type":"WebPage","@id":"https:\/\/www.bestforming.de\/gu\/system\/langlebigkeit\/praevention\/risikominimierung\/","url":"https:\/\/www.bestforming.de\/gu\/system\/langlebigkeit\/praevention\/risikominimierung\/","name":"Tipps f\u00fcr ein gesundes Leben - bestforming","isPartOf":{"@id":"https:\/\/www.bestforming.de\/gu\/#website"},"datePublished":"2025-10-03T13:42:22+00:00","dateModified":"2026-01-30T06:18:47+00:00","breadcrumb":{"@id":"https:\/\/www.bestforming.de\/gu\/system\/langlebigkeit\/praevention\/risikominimierung\/#breadcrumb"},"inLanguage":"gu-IN","potentialAction":[{"@type":"ReadAction","target":["https:\/\/www.bestforming.de\/gu\/system\/langlebigkeit\/praevention\/risikominimierung\/"]}]},{"@type":"BreadcrumbList","@id":"https:\/\/www.bestforming.de\/gu\/system\/langlebigkeit\/praevention\/risikominimierung\/#breadcrumb","itemListElement":[{"@type":"ListItem","position":1,"name":"\u0ab9\u0acb\u0aae\u0aaa\u0ac7\u0a9c","item":"https:\/\/www.bestforming.de\/gu\/startseite\/"},{"@type":"ListItem","position":2,"name":"\u0ab8\u0abf\u0ab8\u0acd\u0a9f\u0aae","item":"https:\/\/www.bestforming.de\/gu\/system\/"},{"@type":"ListItem","position":3,"name":"\u0aa6\u0ac0\u0ab0\u0acd\u0a98\u0abe\u0aaf\u0ac1","item":"https:\/\/www.bestforming.de\/gu\/system\/langlebigkeit\/"},{"@type":"ListItem","position":4,"name":"\u0aaa\u0acd\u0ab0\u0aa4\u0abf\u0ab0\u0acb\u0aa7","item":"https:\/\/www.bestforming.de\/gu\/system\/langlebigkeit\/praevention\/"},{"@type":"ListItem","position":5,"name":"Tipps f\u00fcr ein gesundes Leben"}]},{"@type":"WebSite","@id":"https:\/\/www.bestforming.de\/gu\/#website","url":"https:\/\/www.bestforming.de\/gu\/","name":"bestforming","description":"","publisher":{"@id":"https:\/\/www.bestforming.de\/gu\/#organization"},"potentialAction":[{"@type":"SearchAction","target":{"@type":"EntryPoint","urlTemplate":"https:\/\/www.bestforming.de\/gu\/?s={search_term_string}"},"query-input":{"@type":"PropertyValueSpecification","valueRequired":true,"valueName":"search_term_string"}}],"inLanguage":"gu-IN"},{"@type":"Organization","@id":"https:\/\/www.bestforming.de\/gu\/#organization","name":"bestforming","url":"https:\/\/www.bestforming.de\/gu\/","logo":{"@type":"ImageObject","inLanguage":"gu-IN","@id":"https:\/\/www.bestforming.de\/gu\/#\/schema\/logo\/image\/","url":"https:\/\/www.bestforming.de\/wp-content\/uploads\/2024\/12\/web-logo.png","contentUrl":"https:\/\/www.bestforming.de\/wp-content\/uploads\/2024\/12\/web-logo.png","width":278,"height":73,"caption":"bestforming"},"image":{"@id":"https:\/\/www.bestforming.de\/gu\/#\/schema\/logo\/image\/"}}]}},"_links":{"self":[{"href":"https:\/\/www.bestforming.de\/gu\/wp-json\/wp\/v2\/pages\/10290","targetHints":{"allow":["GET"]}}],"collection":[{"href":"https:\/\/www.bestforming.de\/gu\/wp-json\/wp\/v2\/pages"}],"about":[{"href":"https:\/\/www.bestforming.de\/gu\/wp-json\/wp\/v2\/types\/page"}],"author":[{"embeddable":true,"href":"https:\/\/www.bestforming.de\/gu\/wp-json\/wp\/v2\/users\/3"}],"replies":[{"embeddable":true,"href":"https:\/\/www.bestforming.de\/gu\/wp-json\/wp\/v2\/comments?post=10290"}],"version-history":[{"count":2,"href":"https:\/\/www.bestforming.de\/gu\/wp-json\/wp\/v2\/pages\/10290\/revisions"}],"predecessor-version":[{"id":15554,"href":"https:\/\/www.bestforming.de\/gu\/wp-json\/wp\/v2\/pages\/10290\/revisions\/15554"}],"up":[{"embeddable":true,"href":"https:\/\/www.bestforming.de\/gu\/wp-json\/wp\/v2\/pages\/10353"}],"wp:attachment":[{"href":"https:\/\/www.bestforming.de\/gu\/wp-json\/wp\/v2\/media?parent=10290"}],"curies":[{"name":"wp","href":"https:\/\/api.w.org\/{rel}","templated":true}]}}